{"id":519,"date":"2019-03-27T09:03:22","date_gmt":"2019-03-27T09:03:22","guid":{"rendered":"http:\/\/demo.theme-junkie.com\/restaurantpro\/?page_id=519"},"modified":"2021-04-14T13:46:44","modified_gmt":"2021-04-14T11:46:44","slug":"creative-agency","status":"publish","type":"page","link":"https:\/\/notesvideo.com\/","title":{"rendered":"Home"},"content":{"rendered":"\n<h3 class=\"has-text-align-center wp-block-heading\">Das Wesentliche auf einen Blick<\/h3>\n\n\n\n<div class=\"wp-block-media-text alignwide is-stacked-on-mobile is-style-default coblocks-animate\" data-coblocks-animation=\"fadeIn\"><figure class=\"wp-block-media-text__media\"><img loading=\"lazy\" decoding=\"async\" width=\"2736\" height=\"1744\" src=\"https:\/\/notesvideo.com\/wp-content\/uploads\/2021\/04\/04.png\" alt=\"\" class=\"wp-image-1595 size-full\" srcset=\"https:\/\/notesvideo.com\/wp-content\/uploads\/2021\/04\/04.png 2736w, https:\/\/notesvideo.com\/wp-content\/uploads\/2021\/04\/04-600x382.png 600w, https:\/\/notesvideo.com\/wp-content\/uploads\/2021\/04\/04-300x191.png 300w, https:\/\/notesvideo.com\/wp-content\/uploads\/2021\/04\/04-1024x653.png 1024w, https:\/\/notesvideo.com\/wp-content\/uploads\/2021\/04\/04-768x490.png 768w, https:\/\/notesvideo.com\/wp-content\/uploads\/2021\/04\/04-1536x979.png 1536w, https:\/\/notesvideo.com\/wp-content\/uploads\/2021\/04\/04-2048x1305.png 2048w\" sizes=\"auto, (max-width: 2736px) 100vw, 2736px\" \/><\/figure><div class=\"wp-block-media-text__content\">\n<p class=\"is-style-default has-regular-font-size\"><strong>Mit notesvideo k\u00f6nnen Sie:<\/strong><\/p>\n\n\n\n<ul class=\"wp-block-list\"><li>in Ihren Videos interessante Ereignisse <strong>markieren<\/strong> und diese jederzeit bequem <span style=\"color: var(--thm_general_text_color); background-color: transparent; font-size: var(--thm_common_font_size, 16px);\"><strong>wieder finden<\/strong><\/span><\/li><li><strong>aufschreiben<\/strong> was Ihnen da aufgefallen ist<\/li><li><strong>Bilder<\/strong> <em>(Schnappsch\u00fcsse)<\/em> erstellen und darauf zeichnen<\/li><li>die ausgew\u00e4hlten Szenen und Bilder wie einen<strong> Film<\/strong>, ohne Unterbrechung, anschauen<\/li><li><strong>anderen <\/strong>Personen diesen <strong>Film<\/strong> zug\u00e4nglich machen, auf PC oder Handy<\/li><li><strong>\u00c4nderungen<\/strong> einfach jederzeit vornehmen<\/li><\/ul>\n<\/div><\/div>\n\n\n\n<div class=\"wp-block-media-text alignwide has-media-on-the-right is-stacked-on-mobile\"><figure class=\"wp-block-media-text__media\"><img loading=\"lazy\" decoding=\"async\" width=\"1024\" height=\"710\" src=\"https:\/\/notesvideo.com\/wp-content\/uploads\/2020\/11\/10004-1024x710.png\" alt=\"\" class=\"wp-image-1096 size-full\" srcset=\"https:\/\/notesvideo.com\/wp-content\/uploads\/2020\/11\/10004-1024x710.png 1024w, https:\/\/notesvideo.com\/wp-content\/uploads\/2020\/11\/10004-600x416.png 600w, https:\/\/notesvideo.com\/wp-content\/uploads\/2020\/11\/10004-300x208.png 300w, https:\/\/notesvideo.com\/wp-content\/uploads\/2020\/11\/10004-768x533.png 768w, https:\/\/notesvideo.com\/wp-content\/uploads\/2020\/11\/10004-200x139.png 200w, https:\/\/notesvideo.com\/wp-content\/uploads\/2020\/11\/10004-1536x1065.png 1536w, https:\/\/notesvideo.com\/wp-content\/uploads\/2020\/11\/10004.png 2022w\" sizes=\"auto, (max-width: 1024px) 100vw, 1024px\" \/><\/figure><div class=\"wp-block-media-text__content\">\n<p class=\"is-style-default has-regular-font-size\"> <strong>Die Videos sind z.B.  <\/strong><\/p>\n\n\n\n<ul class=\"wp-block-list\"><li><strong>Tutorials <\/strong>die Sie in Einzelschritte gliedern und diese beliebig abspielen m\u00f6chten<\/li><li><strong>Vortr\u00e4ge <\/strong><em>(Schule, Uni, Hobby,&#8230;)<\/em> die Sie schnell durchlaufen wollen<\/li><li><strong>Fu\u00dfballspiele <\/strong>und Sie m\u00f6chten <ul><li>Aktionen von einen Spieler in mehreren Spielen sehen, oder <\/li><li>die Tore aus einem Spiel sehen. <\/li><\/ul><\/li><li><strong>Kinofilme <\/strong>aus denen Sie Trailer zu einem Thema erstellen m\u00f6chten<\/li><li>\u2026 und vieles mehr, die Anwendungsm\u00f6glichkeiten sind unbegrenzt.<\/li><\/ul>\n<\/div><\/div>\n\n\n\n<p><strong>Notesvideo ist ein Programm zum erstellen von Lesezeichen in Videos.<\/strong><br>Die Videos selbst werden dabei nicht ver\u00e4ndert.<br>Lesezeichen sind Zeitstempel im Video mit folgendem Inhalt:<\/p>\n\n\n\n<ul class=\"wp-block-list\"><li>Anfang und Ende einer Szene<\/li><li>Titel (auch Untertitel) dieser Szene<\/li><li>Abspielgeschwindigkeit<\/li><li>Anzahl Wiederholungen<\/li><\/ul>\n\n\n\n<p>Die Lesezeichen werden als <strong>Tracks <\/strong>in einer <strong>Playlist <\/strong>gespeichert und k\u00f6nnen mit dem<strong> <a href=\"https:\/\/www.videolan.org\/\">VLC Player<\/a><\/strong> auf vielen Endger\u00e4ten abgespielt werden. Eine Playlist ist eine einfache Textdatei mit der Endung &#8220;.xspf&#8221;. Untertitel werden in eigenen Textdateien gespeichert und haben die Endung &#8220;.srt&#8221;. Aus den Videos k\u00f6nnen &#8220;.jpeg&#8221; Bilder (Schnappsch\u00fcsse) erstellt und mit Pfeilen und Linien kommentiert<em> <\/em>werden. Die Bilder werden auch in die Playlist eingebunden.<br><\/p>\n\n\n\n<p><strong>Teilen<\/strong><br>Wenn die Videos <em>(und Bilder)<\/em> online sind <em>(z.B. auf OneDrive oder Google drive)<\/em>, k\u00f6nnen die notierten Szenen auf beliebigen Endger\u00e4ten abgespielt werden (Handy, Tablet, PC) indem lediglich kleine Textdateien <em>(die Playlist und ev. subtitles)<\/em> zu den Empf\u00e4ngern verschickt werden.<\/p>\n\n\n\n<hr class=\"wp-block-separator\"\/>\n\n\n\n<figure class=\"wp-block-gallery columns-3 is-cropped has-lightbox wp-block-gallery-1 is-layout-flex wp-block-gallery-is-layout-flex\"><ul class=\"blocks-gallery-grid\"><li class=\"blocks-gallery-item\"><figure><img loading=\"lazy\" decoding=\"async\" width=\"1024\" height=\"640\" src=\"https:\/\/notesvideo.com\/wp-content\/uploads\/2021\/04\/01-1024x640.png\" alt=\"\" data-id=\"1592\" data-full-url=\"https:\/\/notesvideo.com\/wp-content\/uploads\/2021\/04\/01.png\" data-link=\"https:\/\/notesvideo.com\/01\" class=\"wp-image-1592\" srcset=\"https:\/\/notesvideo.com\/wp-content\/uploads\/2021\/04\/01-1024x640.png 1024w, https:\/\/notesvideo.com\/wp-content\/uploads\/2021\/04\/01-600x375.png 600w, https:\/\/notesvideo.com\/wp-content\/uploads\/2021\/04\/01-300x187.png 300w, https:\/\/notesvideo.com\/wp-content\/uploads\/2021\/04\/01-768x480.png 768w, https:\/\/notesvideo.com\/wp-content\/uploads\/2021\/04\/01-1536x959.png 1536w, https:\/\/notesvideo.com\/wp-content\/uploads\/2021\/04\/01-2048x1279.png 2048w\" sizes=\"auto, (max-width: 1024px) 100vw, 1024px\" \/><figcaption class=\"blocks-gallery-item__caption\">File navigation<\/figcaption><\/figure><\/li><li class=\"blocks-gallery-item\"><figure><img loading=\"lazy\" decoding=\"async\" width=\"1024\" height=\"653\" src=\"https:\/\/notesvideo.com\/wp-content\/uploads\/2021\/04\/02-1024x653.png\" alt=\"\" data-id=\"1593\" data-full-url=\"https:\/\/notesvideo.com\/wp-content\/uploads\/2021\/04\/02.png\" data-link=\"https:\/\/notesvideo.com\/02\" class=\"wp-image-1593\" srcset=\"https:\/\/notesvideo.com\/wp-content\/uploads\/2021\/04\/02-1024x653.png 1024w, https:\/\/notesvideo.com\/wp-content\/uploads\/2021\/04\/02-600x382.png 600w, https:\/\/notesvideo.com\/wp-content\/uploads\/2021\/04\/02-300x191.png 300w, https:\/\/notesvideo.com\/wp-content\/uploads\/2021\/04\/02-768x490.png 768w, https:\/\/notesvideo.com\/wp-content\/uploads\/2021\/04\/02-1536x979.png 1536w, https:\/\/notesvideo.com\/wp-content\/uploads\/2021\/04\/02-2048x1305.png 2048w\" sizes=\"auto, (max-width: 1024px) 100vw, 1024px\" \/><figcaption class=\"blocks-gallery-item__caption\">Playlist loading<\/figcaption><\/figure><\/li><li class=\"blocks-gallery-item\"><figure><img loading=\"lazy\" decoding=\"async\" width=\"1024\" height=\"653\" src=\"https:\/\/notesvideo.com\/wp-content\/uploads\/2021\/04\/03-1024x653.png\" alt=\"\" data-id=\"1594\" data-full-url=\"https:\/\/notesvideo.com\/wp-content\/uploads\/2021\/04\/03.png\" data-link=\"https:\/\/notesvideo.com\/03\" class=\"wp-image-1594\" srcset=\"https:\/\/notesvideo.com\/wp-content\/uploads\/2021\/04\/03-1024x653.png 1024w, https:\/\/notesvideo.com\/wp-content\/uploads\/2021\/04\/03-600x382.png 600w, https:\/\/notesvideo.com\/wp-content\/uploads\/2021\/04\/03-300x191.png 300w, https:\/\/notesvideo.com\/wp-content\/uploads\/2021\/04\/03-768x490.png 768w, https:\/\/notesvideo.com\/wp-content\/uploads\/2021\/04\/03-1536x979.png 1536w, https:\/\/notesvideo.com\/wp-content\/uploads\/2021\/04\/03-2048x1305.png 2048w\" sizes=\"auto, (max-width: 1024px) 100vw, 1024px\" \/><figcaption class=\"blocks-gallery-item__caption\">Pause screen<\/figcaption><\/figure><\/li><li class=\"blocks-gallery-item\"><figure><img loading=\"lazy\" decoding=\"async\" width=\"1024\" height=\"653\" src=\"https:\/\/notesvideo.com\/wp-content\/uploads\/2021\/04\/04-1024x653.png\" alt=\"\" data-id=\"1595\" data-full-url=\"https:\/\/notesvideo.com\/wp-content\/uploads\/2021\/04\/04.png\" data-link=\"https:\/\/notesvideo.com\/04\" class=\"wp-image-1595\" srcset=\"https:\/\/notesvideo.com\/wp-content\/uploads\/2021\/04\/04-1024x653.png 1024w, https:\/\/notesvideo.com\/wp-content\/uploads\/2021\/04\/04-600x382.png 600w, https:\/\/notesvideo.com\/wp-content\/uploads\/2021\/04\/04-300x191.png 300w, https:\/\/notesvideo.com\/wp-content\/uploads\/2021\/04\/04-768x490.png 768w, https:\/\/notesvideo.com\/wp-content\/uploads\/2021\/04\/04-1536x979.png 1536w, https:\/\/notesvideo.com\/wp-content\/uploads\/2021\/04\/04-2048x1305.png 2048w\" sizes=\"auto, (max-width: 1024px) 100vw, 1024px\" \/><figcaption class=\"blocks-gallery-item__caption\">Scene with title &amp; subtitle<\/figcaption><\/figure><\/li><li class=\"blocks-gallery-item\"><figure><img loading=\"lazy\" decoding=\"async\" width=\"1024\" height=\"653\" src=\"https:\/\/notesvideo.com\/wp-content\/uploads\/2021\/04\/05-1024x653.png\" alt=\"\" data-id=\"1596\" data-full-url=\"https:\/\/notesvideo.com\/wp-content\/uploads\/2021\/04\/05.png\" data-link=\"https:\/\/notesvideo.com\/05\" class=\"wp-image-1596\" srcset=\"https:\/\/notesvideo.com\/wp-content\/uploads\/2021\/04\/05-1024x653.png 1024w, https:\/\/notesvideo.com\/wp-content\/uploads\/2021\/04\/05-600x382.png 600w, https:\/\/notesvideo.com\/wp-content\/uploads\/2021\/04\/05-300x191.png 300w, https:\/\/notesvideo.com\/wp-content\/uploads\/2021\/04\/05-768x490.png 768w, https:\/\/notesvideo.com\/wp-content\/uploads\/2021\/04\/05-1536x979.png 1536w, https:\/\/notesvideo.com\/wp-content\/uploads\/2021\/04\/05-2048x1305.png 2048w\" sizes=\"auto, (max-width: 1024px) 100vw, 1024px\" \/><figcaption class=\"blocks-gallery-item__caption\">Time editor<\/figcaption><\/figure><\/li><li class=\"blocks-gallery-item\"><figure><img loading=\"lazy\" decoding=\"async\" width=\"1024\" height=\"653\" src=\"https:\/\/notesvideo.com\/wp-content\/uploads\/2021\/04\/06-1024x653.png\" alt=\"\" data-id=\"1597\" data-full-url=\"https:\/\/notesvideo.com\/wp-content\/uploads\/2021\/04\/06.png\" data-link=\"https:\/\/notesvideo.com\/06\" class=\"wp-image-1597\" srcset=\"https:\/\/notesvideo.com\/wp-content\/uploads\/2021\/04\/06-1024x653.png 1024w, https:\/\/notesvideo.com\/wp-content\/uploads\/2021\/04\/06-600x382.png 600w, https:\/\/notesvideo.com\/wp-content\/uploads\/2021\/04\/06-300x191.png 300w, https:\/\/notesvideo.com\/wp-content\/uploads\/2021\/04\/06-768x490.png 768w, https:\/\/notesvideo.com\/wp-content\/uploads\/2021\/04\/06-1536x979.png 1536w, https:\/\/notesvideo.com\/wp-content\/uploads\/2021\/04\/06-2048x1305.png 2048w\" sizes=\"auto, (max-width: 1024px) 100vw, 1024px\" \/><figcaption class=\"blocks-gallery-item__caption\">Scene dialog<\/figcaption><\/figure><\/li><li class=\"blocks-gallery-item\"><figure><img loading=\"lazy\" decoding=\"async\" width=\"1024\" height=\"710\" src=\"https:\/\/notesvideo.com\/wp-content\/uploads\/2020\/11\/10004-1024x710.png\" alt=\"\" data-id=\"1096\" data-full-url=\"https:\/\/notesvideo.com\/wp-content\/uploads\/2020\/11\/10004.png\" data-link=\"https:\/\/notesvideo.com\/creative-agency\/attachment\/10004\" class=\"wp-image-1096\" srcset=\"https:\/\/notesvideo.com\/wp-content\/uploads\/2020\/11\/10004-1024x710.png 1024w, https:\/\/notesvideo.com\/wp-content\/uploads\/2020\/11\/10004-600x416.png 600w, https:\/\/notesvideo.com\/wp-content\/uploads\/2020\/11\/10004-300x208.png 300w, https:\/\/notesvideo.com\/wp-content\/uploads\/2020\/11\/10004-768x533.png 768w, https:\/\/notesvideo.com\/wp-content\/uploads\/2020\/11\/10004-200x139.png 200w, https:\/\/notesvideo.com\/wp-content\/uploads\/2020\/11\/10004-1536x1065.png 1536w, https:\/\/notesvideo.com\/wp-content\/uploads\/2020\/11\/10004.png 2022w\" sizes=\"auto, (max-width: 1024px) 100vw, 1024px\" \/><figcaption class=\"blocks-gallery-item__caption\">Drawing on a snapshot<\/figcaption><\/figure><\/li><li class=\"blocks-gallery-item\"><figure><img loading=\"lazy\" decoding=\"async\" width=\"1024\" height=\"653\" src=\"https:\/\/notesvideo.com\/wp-content\/uploads\/2021\/04\/13-1024x653.png\" alt=\"\" data-id=\"1627\" data-full-url=\"https:\/\/notesvideo.com\/wp-content\/uploads\/2021\/04\/13.png\" data-link=\"https:\/\/notesvideo.com\/creative-agency\/attachment\/13\" class=\"wp-image-1627\" srcset=\"https:\/\/notesvideo.com\/wp-content\/uploads\/2021\/04\/13-1024x653.png 1024w, https:\/\/notesvideo.com\/wp-content\/uploads\/2021\/04\/13-600x382.png 600w, https:\/\/notesvideo.com\/wp-content\/uploads\/2021\/04\/13-300x191.png 300w, https:\/\/notesvideo.com\/wp-content\/uploads\/2021\/04\/13-768x490.png 768w, https:\/\/notesvideo.com\/wp-content\/uploads\/2021\/04\/13-1536x979.png 1536w, https:\/\/notesvideo.com\/wp-content\/uploads\/2021\/04\/13-2048x1305.png 2048w\" sizes=\"auto, (max-width: 1024px) 100vw, 1024px\" \/><figcaption class=\"blocks-gallery-item__caption\">Timelist<\/figcaption><\/figure><\/li><li class=\"blocks-gallery-item\"><figure><img loading=\"lazy\" decoding=\"async\" width=\"1024\" height=\"653\" src=\"https:\/\/notesvideo.com\/wp-content\/uploads\/2021\/04\/12-1024x653.png\" alt=\"\" data-id=\"1625\" data-full-url=\"https:\/\/notesvideo.com\/wp-content\/uploads\/2021\/04\/12.png\" data-link=\"https:\/\/notesvideo.com\/creative-agency\/attachment\/12\" class=\"wp-image-1625\" srcset=\"https:\/\/notesvideo.com\/wp-content\/uploads\/2021\/04\/12-1024x653.png 1024w, https:\/\/notesvideo.com\/wp-content\/uploads\/2021\/04\/12-600x382.png 600w, https:\/\/notesvideo.com\/wp-content\/uploads\/2021\/04\/12-300x191.png 300w, https:\/\/notesvideo.com\/wp-content\/uploads\/2021\/04\/12-768x490.png 768w, https:\/\/notesvideo.com\/wp-content\/uploads\/2021\/04\/12-1536x979.png 1536w, https:\/\/notesvideo.com\/wp-content\/uploads\/2021\/04\/12-2048x1305.png 2048w\" sizes=\"auto, (max-width: 1024px) 100vw, 1024px\" \/><figcaption class=\"blocks-gallery-item__caption\">Timelist 2nd layout<\/figcaption><\/figure><\/li><\/ul><figcaption class=\"blocks-gallery-caption\"><strong>Screenshots<\/strong><\/figcaption><\/figure>\n","protected":false},"excerpt":{"rendered":"<p>Das Wesentliche auf einen Blick Mit notesvideo k\u00f6nnen Sie: in Ihren Videos interessante Ereignisse markieren und diese jederzeit bequem wieder finden aufschreiben was Ihnen da aufgefallen ist Bilder (Schnappsch\u00fcsse) erstellen und darauf zeichnen die ausgew\u00e4hlten Szenen und Bilder wie einen Film, ohne Unterbrechung, anschauen anderen Personen diesen Film zug\u00e4nglich machen, auf PC oder Handy \u00c4nderungen&hellip; <a class=\"more-link\" href=\"https:\/\/notesvideo.com\/\"><span class=\"screen-reader-text\">Home<\/span> weiterlesen<\/a><\/p>\n","protected":false},"author":1,"featured_media":0,"parent":0,"menu_order":0,"comment_status":"closed","ping_status":"closed","template":"","meta":{"_coblocks_attr":"","_coblocks_dimensions":"","_coblocks_responsive_height":"","_coblocks_accordion_ie_support":"","footnotes":""},"class_list":["post-519","page","type-page","status-publish","hentry","entry"],"jetpack_sharing_enabled":true,"_links":{"self":[{"href":"https:\/\/notesvideo.com\/index.php?rest_route=\/wp\/v2\/pages\/519","targetHints":{"allow":["GET"]}}],"collection":[{"href":"https:\/\/notesvideo.com\/index.php?rest_route=\/wp\/v2\/pages"}],"about":[{"href":"https:\/\/notesvideo.com\/index.php?rest_route=\/wp\/v2\/types\/page"}],"author":[{"embeddable":true,"href":"https:\/\/notesvideo.com\/index.php?rest_route=\/wp\/v2\/users\/1"}],"replies":[{"embeddable":true,"href":"https:\/\/notesvideo.com\/index.php?rest_route=%2Fwp%2Fv2%2Fcomments&post=519"}],"version-history":[{"count":173,"href":"https:\/\/notesvideo.com\/index.php?rest_route=\/wp\/v2\/pages\/519\/revisions"}],"predecessor-version":[{"id":1861,"href":"https:\/\/notesvideo.com\/index.php?rest_route=\/wp\/v2\/pages\/519\/revisions\/1861"}],"wp:attachment":[{"href":"https:\/\/notesvideo.com\/index.php?rest_route=%2Fwp%2Fv2%2Fmedia&parent=519"}],"curies":[{"name":"wp","href":"https:\/\/api.w.org\/{rel}","templated":true}]}}