{"id":2043,"date":"2021-10-26T10:00:13","date_gmt":"2021-10-26T08:00:13","guid":{"rendered":"https:\/\/notesvideo.com\/?page_id=2043"},"modified":"2021-10-26T10:30:49","modified_gmt":"2021-10-26T08:30:49","slug":"cookie-erklaerung","status":"publish","type":"page","link":"https:\/\/notesvideo.com\/?page_id=2043","title":{"rendered":"Cookie-Erkl\u00e4rung"},"content":{"rendered":"\n<p>Auf unserer Website werden Cookies sowie weitere Objekte wie Pixel, Local-Storage- Objects u. \u00e4. verwendet (zusammen bezeichnet als \u201eCookies&#8221;, sofern nicht anders angegeben), um Sie von anderen Nutzern der Website zu unterscheiden. Dies erm\u00f6glicht uns, Ihnen ein angenehmes Nutzungserlebnis zu bieten, unsere Dienste zu verbessern sowie Werbeanzeigen und Inhalte auf Sie pers\u00f6nlich zuzuschneiden, wenn Sie die Website besuchen. In der vorliegenden Cookie-Erkl\u00e4rung wird beschrieben, welche Arten von Cookies wir auf der Website verwenden, und zu welchen Zwecken wir dies tun. Bei Fragen zu dieser Cookie-Erkl\u00e4rung oder L\u00f6schung Ihrer hinterlegten Daten schreiben Sie uns bitte eine E-Mail an office@netzfoto.at<\/p>\n\n\n\n<p>Weitere Informationen zu unseren Datenschutzpraktiken finden Sie in unserer <a href=\"https:\/\/notesvideo.com\/?page_id=3\" data-type=\"page\" data-id=\"3\">Datenschutzerkl\u00e4rung<\/a>.<\/p>\n\n\n\n<h2 class=\"wp-block-heading\">Ihre Zustimmung<\/h2>\n\n\n\n<p>Sie stimmen hiermit der Speicherung von Cookies in Ihrem Browser durch uns und unsere Drittanbieter zu. Bitte lesen Sie diese Cookie-Erkl\u00e4rung sorgf\u00e4ltig durch, um zu erfahren, zu welchen Zwecken wir Cookies einsetzen und welche Informationen wir von Ihnen und \u00fcber Sie erfassen.<\/p>\n\n\n\n<h2 class=\"wp-block-heading\">Sie k\u00f6nnen Ihre Zustimmung jederzeit widerrufen<\/h2>\n\n\n\n<p>Sie stimmen hiermit der Speicherung von Cookies in Ihrem Browser durch uns und unsere Drittanbieter zu. Bitte lesen Sie diese Cookie-Erkl\u00e4rung sorgf\u00e4ltig durch, um zu erfahren, zu welchen Zwecken wir Cookies einsetzen und welche Informationen wir von Ihnen und \u00fcber Sie erfassen.<\/p>\n\n\n\n<h2 class=\"wp-block-heading\">Zentrale Begriffe<\/h2>\n\n\n\n<p>Erst- und Drittanbieter-Cookies: Ob es sich um einen Erst- oder Drittanbieter-Cookie handelt, h\u00e4ngt von der Domain ab, von der ein Cookie versendet wird.<br>&#8211;&nbsp;Erstanbieter-Cookies&nbsp;werden von der Website platziert, die Sie als Nutzer besuchen (z. B. Cookies von unserer eigenen Website-Domain).<br>&#8211;&nbsp;Drittanbieter-Cookies&nbsp;werden von einer anderen als der besuchten Website-Domain gespeichert. Dies sind beispielsweise Cookies, die von Dritten \u00fcber die Website, die Sie besuchen, gespeichert werden.<br><strong>Permanente Cookies<\/strong>: Diese Cookies bleiben so lange auf dem Endger\u00e4t des Nutzers, wie im Cookie selbst festgelegt ist. Sie werden jedes Mal wieder aktiv, wenn ein Nutzer die Website erneut besucht, von dem aus der Cookie angelegt wurde.<br><strong>Session-Cookies<\/strong>: Diese Cookies erm\u00f6glichen es Websites, die Aktionen nachzuvollziehen, die ein Nutzer im Rahmen eines einzigen Besuchs (einer Browser-Session) ausf\u00fchrt. Eine Browser-Session beginnt, sobald ein Nutzer ein Browserfenster \u00f6ffnet, und endet mit dem Schlie\u00dfen des Browserfensters. Session-Cookies werden nur tempor\u00e4r erstellt. Nach dem Schlie\u00dfen des Browsers werden alle Session-Cookies gel\u00f6scht.<\/p>\n\n\n\n<h2 class=\"wp-block-heading\">So l\u00f6schen und blockieren Sie Cookies von uns<\/h2>\n\n\n\n<p>In den meisten Webbrowser k\u00f6nnen Sie einstellen, wie mit Cookies umgegangen werden soll. Wenn Sie Ihren Browser jedoch so einstellen, dass s\u00e4mtliche (auch essentielle) Cookies blockiert werden, k\u00f6nnen Sie die Website m\u00f6glicherweise teilweise oder \u00fcberhaupt nicht nutzen. Sobald Sie unsere Website besuchen, werden von unserem System Cookies versendet, es sei denn, Sie haben entsprechende Browser-Einstellungen vorgenommen, die dies verhindern.<\/p>\n\n\n\n<p><em><strong>So \u00e4ndern Sie Ihre Cookie-Einstellungen:<\/strong><\/em>&nbsp;Zur \u00c4nderung der Cookie-Einstellungen rufen Sie in Ihrem Webbrowser \u00fcblicherweise das Men\u00fc \u201eOptionen&#8221; oder \u201eEinstellungen&#8221; auf. F\u00fcr genauere Informationen zu den dort vorhandenen Optionen \u00f6ffnen Sie die folgenden Links oder verwenden Sie die Hilfefunktion Ihres Browsers.<\/p>\n\n\n\n<ul class=\"wp-block-list\"><li><a href=\"https:\/\/support.microsoft.com\/de-de\/help\/17442\/windows-internet-explorer-delete-manage-cookies\">Cookie-Einstellungen im Internet Explorer<\/a><\/li><li><a href=\"https:\/\/support.mozilla.org\/de\/kb\/cookies-erlauben-und-ablehnen\">Cookie-Einstellungen in Firefox<\/a><\/li><li><a href=\"https:\/\/support.google.com\/chrome\/answer\/95647?hl=de\">Cookie-Einstellungen in Chrome<\/a><\/li><li><a href=\"https:\/\/support.apple.com\/kb\/PH21411?locale=de_DE\">Cookie-Einstellungen in Safari<\/a><\/li><\/ul>\n\n\n\n<p><em><strong>Weitere Informationen:<\/strong><\/em>&nbsp;F\u00fcr weitere Informationen \u00fcber Cookies, beispielsweise um herauszufinden, welche Cookies gespeichert werden und wie Sie Cookies verwalten und l\u00f6schen k\u00f6nnen, besuchen Sie&nbsp;<a href=\"https:\/\/www.aboutcookies.org\/\">www.aboutcookies.org<\/a>&nbsp;oder&nbsp;<a href=\"http:\/\/www.allaboutcookies.org\/\">www.allaboutcookies.org<\/a>.<\/p>\n\n\n\n<h2 class=\"wp-block-heading\">Welche Cookies verwenden wir, und zu welchen Zwecken?<\/h2>\n\n\n\n<p>Generell werden auf dieser Website Cookies eingesetzt, um Sie von anderen Nutzern der Website zu unterscheiden. Dies erm\u00f6glicht uns, Ihnen ein angenehmes Erlebnis bei der Nutzung der Website zu bieten und unsere Dienste zu verbessern.<\/p>\n\n\n\n<p>Folgende Typen von Cookies k\u00f6nnen auf der Website zum Einsatz kommen:<\/p>\n\n\n\n<ul class=\"wp-block-list\"><li>Notwendige Cookies<\/li><li>Performance-Cookies<\/li><li>Funktionsrelevante Cookies<\/li><li>Targeting-Cookies<\/li><\/ul>\n\n\n\n<p>Cookies k\u00f6nnen auch in mehrere dieser Kategorien fallen.<\/p>\n\n\n\n<p><em><strong>\u201eNotwendige Cookies&#8221;<\/strong><\/em>&nbsp;erm\u00f6glichen die Navigation auf der Website und die Nutzung essentieller Funktionen, wie z. B. sicherer Bereiche. Ohne diese Cookies k\u00f6nnen wir die gew\u00fcnschten Dienste nicht erbringen.<\/p>\n\n\n\n<p><em>Wir setzen notwendige Cookies zu folgenden Zwecken ein:<\/em><\/p>\n\n\n\n<ul class=\"wp-block-list\"><li>Um Ihre Anmeldung an der Website zu erkennen und Sie zu authentifizieren<\/li><li>Um sicherzustellen, dass Sie den richtigen Dienst der Website erreichen, wenn wir \u00c4nderungen an der Funktionsweise vornehmen<\/li><li>Zu Sicherheitszwecken<\/li><li>Um sicherzustellen, dass Sie den richtigen Dienst der Website erreichen, wenn wir \u00c4nderungen an der Funktionsweise vornehmen<\/li><\/ul>\n\n\n\n<p>Die Akzeptanz dieser Cookies ist eine Voraussetzung f\u00fcr die Nutzung der Website. Wir k\u00f6nnen daher keine Garantie f\u00fcr die korrekte Funktion oder die Sicherheit der Website \u00fcbernehmen, wenn Sie diese Cookies blockieren.<\/p>\n\n\n\n<p><em><strong>\u201ePerformance-Cookies&#8221;<\/strong><\/em>&nbsp;sammeln Informationen \u00fcber Ihre Nutzung der Website, z. B. welche Seiten Sie aufrufen oder ob Fehler auftreten. In diesen Cookies werden keine Informationen gespeichert, anhand derer Sie identifizierbar sind. Sie helfen uns ausschlie\u00dflich dabei, die Website zu verbessern, Einblick in die Interessen unserer Nutzer zu erhalten und die Wirksamkeit unserer Werbung zu messen.<\/p>\n\n\n\n<p><em>Wir setzen Performance-Cookies ein, um:<\/em><\/p>\n\n\n\n<ul class=\"wp-block-list\"><li>Web-Analytics durchzuf\u00fchren, d. h. Statistiken zur Nutzung der Website zu erheben<\/li><li>Affiliate-Tracking durchzuf\u00fchren, d. h. unseren Affiliate-Partnern mitzuteilen, dass einer unserer Nutzer auch deren Website besucht hat<\/li><li>Angaben zur Anzahl der Nutzer unserer Website zu erfassen, die ein bestimmtes Produkt\/eine bestimmte Dienstleistung angeschaut haben<\/li><li>die Verbesserung der Website zu erm\u00f6glichen, indem wir aufgetretene Fehler erfassen<\/li><li>verschiedene Layouts f\u00fcr die Website zu testen<\/li><\/ul>\n\n\n\n<p>Einige unserer Performance-Cookies werden f\u00fcr uns durch Dritte verwaltet.<\/p>\n\n\n\n<p><em><strong>\u201eFunktionsrelevante Cookies&#8221;<\/strong><\/em>&nbsp;dienen dazu, bestimmte Dienste bereitzustellen oder Einstellungen zu speichern, um Ihren Besuch der Website zu verbessern.<\/p>\n\n\n\n<p><em>Wir setzen funktionsrelevante Cookies unter anderem ein, um:<\/em><\/p>\n\n\n\n<ul class=\"wp-block-list\"><li>von Ihnen vorgenommene Einstellungen bez\u00fcglich Layout, Schriftgr\u00f6\u00dfe, Pr\u00e4ferenzen oder Farben beizubehalten<\/li><li>zu speichern, ob wir Ihnen bereits eine Umfrage angeboten haben<\/li><li>zu speichern, ob Sie bereits eine Interaktion mit einer bestimmten Komponente oder Liste auf der Website hatten, damit sich diese nicht wiederholt<\/li><li>Ihnen anzuzeigen, ob Sie auf der Website angemeldet sind<\/li><li>eingebettete Videos bereitzustellen und anzuzeigen<\/li><\/ul>\n\n\n\n<p>Einige dieser Cookies werden f\u00fcr uns durch Dritte verwaltet.<\/p>\n\n\n\n<p><em><strong>\u201eTargeting-Cookies&#8221;<\/strong><\/em>&nbsp;dienen dazu, Ihren Besuch der Website und weiterer Websites, Apps und Online-Dienste zu protokollieren, darunter die von Ihnen aufgerufenen Seiten und Links, damit wir Ihnen personalisierte Werbung auf der Website anzeigen k\u00f6nnen.<br><em><br>Wir k\u00f6nnen Targeting-Cookies einsetzen, um:<\/em><\/p>\n\n\n\n<ul class=\"wp-block-list\"><li>angepasste Werbung auf der Website anzuzeigen<\/li><li>die Bereitstellung personalisierter Werbeanzeigen und Inhalte zu verbessern sowie die Wirksamkeit von Werbekampagnen auf der Website zu messen<\/li><\/ul>\n\n\n\n<h2 class=\"wp-block-heading\"><br>Weitere Informationen zu personalisierter Werbung von Drittanbietern<\/h2>\n\n\n\n<p>Weitere Informationen zu personalisierter Werbung von Drittanbietern<br>Auf der Website&nbsp;<a href=\"http:\/\/www.youronlinechoices.eu\/\">http:\/\/www.youronlinechoices.eu\/<\/a>&nbsp;der Internet-Werbebranche erhalten Sie Informationen zu verhaltensorientierter Werbung und Datenschutz im Internet.<\/p>\n\n\n\n<p>F\u00fcr weitere Informationen dazu, wie Sie die interessenbasierte Werbung zahlreicher Werbenetzwerke deaktivieren k\u00f6nnen, besuchen Sie:<\/p>\n\n\n\n<ul class=\"wp-block-list\"><li>Kanada:&nbsp;<a href=\"https:\/\/youradchoices.ca\/\">youradchoices.ca<\/a><\/li><li>Europ\u00e4ische Union:&nbsp;<a href=\"https:\/\/www.youronlinechoices.eu\/\">www.youronlinechoices.eu\/<\/a><\/li><li>USA:&nbsp;<a href=\"http:\/\/www.aboutads.info\/\">www.aboutads.info<\/a>&nbsp;Internet Advertising Bureau<\/li><\/ul>\n\n\n\n<h2 class=\"wp-block-heading\">Weitere Informationen zu Cookies<\/h2>\n\n\n\n<p><em>International Chamber of Commerce United Kingdom<\/em><br>Informationen zum sog. \u201eICC (UK) UK cookie guide&#8221; erhalten Sie von der Website der ICC:<br><a href=\"http:\/\/www.international-chamber.co.uk\/our-expertise\/digitaleconomy\">http:\/\/www.international-chamber.co.uk\/our-expertise\/digitaleconomy<\/a>.<\/p>\n","protected":false},"excerpt":{"rendered":"<p>Auf unserer Website werden Cookies sowie weitere Objekte wie Pixel, Local-Storage- Objects u. \u00e4. verwendet (zusammen bezeichnet als \u201eCookies&#8221;, sofern nicht anders angegeben), um Sie von anderen Nutzern der Website zu unterscheiden. Dies erm\u00f6glicht uns, Ihnen ein angenehmes Nutzungserlebnis zu bieten, unsere Dienste zu verbessern sowie Werbeanzeigen und Inhalte auf Sie pers\u00f6nlich zuzuschneiden, wenn Sie&hellip; <a class=\"more-link\" href=\"https:\/\/notesvideo.com\/?page_id=2043\"><span class=\"screen-reader-text\">Cookie-Erkl\u00e4rung<\/span> weiterlesen<\/a><\/p>\n","protected":false},"author":1,"featured_media":0,"parent":0,"menu_order":0,"comment_status":"closed","ping_status":"closed","template":"","meta":{"_coblocks_attr":"","_coblocks_dimensions":"","_coblocks_responsive_height":"","_coblocks_accordion_ie_support":"","footnotes":""},"class_list":["post-2043","page","type-page","status-publish","hentry","entry"],"jetpack_sharing_enabled":true,"_links":{"self":[{"href":"https:\/\/notesvideo.com\/index.php?rest_route=\/wp\/v2\/pages\/2043","targetHints":{"allow":["GET"]}}],"collection":[{"href":"https:\/\/notesvideo.com\/index.php?rest_route=\/wp\/v2\/pages"}],"about":[{"href":"https:\/\/notesvideo.com\/index.php?rest_route=\/wp\/v2\/types\/page"}],"author":[{"embeddable":true,"href":"https:\/\/notesvideo.com\/index.php?rest_route=\/wp\/v2\/users\/1"}],"replies":[{"embeddable":true,"href":"https:\/\/notesvideo.com\/index.php?rest_route=%2Fwp%2Fv2%2Fcomments&post=2043"}],"version-history":[{"count":3,"href":"https:\/\/notesvideo.com\/index.php?rest_route=\/wp\/v2\/pages\/2043\/revisions"}],"predecessor-version":[{"id":2050,"href":"https:\/\/notesvideo.com\/index.php?rest_route=\/wp\/v2\/pages\/2043\/revisions\/2050"}],"wp:attachment":[{"href":"https:\/\/notesvideo.com\/index.php?rest_route=%2Fwp%2Fv2%2Fmedia&parent=2043"}],"curies":[{"name":"wp","href":"https:\/\/api.w.org\/{rel}","templated":true}]}}