{"id":19,"date":"2020-11-11T10:53:54","date_gmt":"2020-11-11T09:53:54","guid":{"rendered":"https:\/\/notesvideo.com\/?page_id=19"},"modified":"2021-04-14T16:45:47","modified_gmt":"2021-04-14T14:45:47","slug":"faq","status":"publish","type":"page","link":"https:\/\/notesvideo.com\/?page_id=19","title":{"rendered":"FAQ"},"content":{"rendered":"\n<h4 class=\"wp-block-heading\">Allgemein<\/h4>\n\n\n<div id=\"faqconc_1_4_8_allgemein\" class=\"faqconc allgemein\" role=\"tablist\" aria-multiselectable=\"true\"><div class=\"faq_item\" id=\"faq1832allgemein\"><div class=\"faq_q\" id=\"faq1832allgemein_q\" aria-selected=\"false\" aria-expanded=\"false\" aria-controls =\"faq1832allgemein_a\" role=\"tab\" tabindex=\"-1\">Was ist notesvideo?<\/div><div class=\"faq_a\" id=\"faq1832allgemein_a\" aria-labelledby=\"faq1832allgemein_q\" aria-hidden=\"true\" role=\"tabpanel\"><div class=\"faq_a_content\"><p><!-- wp:paragraph --><\/p>\n<p><strong>notesvideo<\/strong>\u00a0ist ein Programm zum markieren von Szenen in Videos. Eigentlich wird eine Playlist erstellt, also ein einfaches Textdokument welches Abspiel- Anfang und Ende einer oder mehrerer Szenen mit zus\u00e4tzlichen Daten (Titel, Untertitel, Abspielgeschwindigkeit, Wiederholungen) enth\u00e4lt. Die Playlist kann Szenen aus Audio, Video und Bilder (Aufnahmen\/footage) und Pausen beinhalten und kann mit dem VLC Media Player auf PC oder Smartphone abgespielt werden oder kann in Webseiten eingebunden werden.<\/p>\n<p><!-- \/wp:paragraph --><\/p>\n<\/div><\/div><\/div><\/div>\n\n\n\n<h4 class=\"wp-block-heading\">Playlist<\/h4>\n\n\n<div id=\"faqconc_1_4_8_playliste\" class=\"faqconc playliste\" role=\"tablist\" aria-multiselectable=\"true\"><div class=\"faq_item\" id=\"faq1834playliste\"><div class=\"faq_q\" id=\"faq1834playliste_q\" aria-selected=\"false\" aria-expanded=\"false\" aria-controls =\"faq1834playliste_a\" role=\"tab\" tabindex=\"-1\">Wieso hat die Playlist die Dateiendung &#8220;xspf&#8221;?<\/div><div class=\"faq_a\" id=\"faq1834playliste_a\" aria-labelledby=\"faq1834playliste_q\" aria-hidden=\"true\" role=\"tabpanel\"><div class=\"faq_a_content\"><p><!-- wp:paragraph --><\/p>\n<p><strong>notesvideo<\/strong>&nbsp;Dokumente sind .xspf Dateien. XSPF &nbsp;ist ein&nbsp;<a href=\"https:\/\/de.wikipedia.org\/wiki\/Dateiformat\">Dateiformat<\/a>&nbsp;f\u00fcr&nbsp;<a href=\"https:\/\/de.wikipedia.org\/wiki\/Wiedergabeliste\">Wiedergabelisten<\/a>&nbsp;digitaler Medien auf Basis von&nbsp;<a href=\"https:\/\/de.wikipedia.org\/wiki\/Extensible_Markup_Language\">XML<\/a>, das mit Hilfe der&nbsp;<a href=\"https:\/\/de.wikipedia.org\/wiki\/Xiph.Org_Foundation\">Xiph.Org Foundation<\/a>&nbsp;entwickelt wurde.<\/p>\n<p><!-- \/wp:paragraph --><\/p>\n<p><!-- wp:paragraph --><\/p>\n<p><a href=\"https:\/\/de.wikipedia.org\/wiki\/XML_Shareable_Playlist_Format\" target=\"_blank\" rel=\"noreferrer noopener\">Wikipedia<\/a><\/p>\n<p><!-- \/wp:paragraph --><\/p>\n<p><!-- wp:paragraph --><\/p>\n<p><a rel=\"noreferrer noopener\" href=\"https:\/\/xspf.org\/\" target=\"_blank\">xiph.org<\/a><\/p>\n<p><!-- \/wp:paragraph --><\/p>\n<p><!-- wp:paragraph --><\/p>\n<p><!-- \/wp:paragraph --><\/p>\n<\/div><\/div><\/div><div class=\"faq_item\" id=\"faq1833playliste\"><div class=\"faq_q\" id=\"faq1833playliste_q\" aria-selected=\"false\" aria-expanded=\"false\" aria-controls =\"faq1833playliste_a\" role=\"tab\" tabindex=\"-1\">Kann ich eine playlist mit anderen Programmen bearbeiten?<\/div><div class=\"faq_a\" id=\"faq1833playliste_a\" aria-labelledby=\"faq1833playliste_q\" aria-hidden=\"true\" role=\"tabpanel\"><div class=\"faq_a_content\"><p><!-- wp:paragraph --><\/p>\n<p>Ja. Es ist eine gew\u00f6hnliche Textdatei die mit jedem beliebigen Texteditor bearbeitet werden kann.<\/p>\n<p><!-- \/wp:paragraph --><\/p>\n<\/div><\/div><\/div><div class=\"faq_item\" id=\"faq1835playliste\"><div class=\"faq_q\" id=\"faq1835playliste_q\" aria-selected=\"false\" aria-expanded=\"false\" aria-controls =\"faq1835playliste_a\" role=\"tab\" tabindex=\"-1\">Das Programm \u00fcbersprint einige sZenen<\/div><div class=\"faq_a\" id=\"faq1835playliste_a\" aria-labelledby=\"faq1835playliste_q\" aria-hidden=\"true\" role=\"tabpanel\"><div class=\"faq_a_content\"><p><!-- wp:paragraph --><\/p>\n<p>Pr\u00fcfen Sie die Pfade zu den Medien (Audio- oder Videodateien oder Bilder), bei online Dateien pr\u00fcfen Sie auch ob sie Internet haben. Wenn notesvideo die Dateien nicht finden kann, \u00fcberspringt es die Szene und spielt die n\u00e4chste ab.<\/p>\n<p><!-- \/wp:paragraph --><\/p>\n<\/div><\/div><\/div><\/div>\n\n\n\n<h4 class=\"wp-block-heading\">Timelist<\/h4>\n\n\n<div id=\"faqconc_1_4_8_timeliste\" class=\"faqconc timeliste\" role=\"tablist\" aria-multiselectable=\"true\"><div class=\"faq_item\" id=\"faq1836timeliste\"><div class=\"faq_q\" id=\"faq1836timeliste_q\" aria-selected=\"false\" aria-expanded=\"false\" aria-controls =\"faq1836timeliste_a\" role=\"tab\" tabindex=\"-1\">Was ist eine Timelist?<\/div><div class=\"faq_a\" id=\"faq1836timeliste_a\" aria-labelledby=\"faq1836timeliste_q\" aria-hidden=\"true\" role=\"tabpanel\"><div class=\"faq_a_content\"><p><!-- wp:paragraph --><\/p>\n<p>Es ist eine Liste mit Zeitstempeln. Sie wird in eine Playlist importiert, dabei mit einem Zeitstempel in der Playlist abgeglichen und notesvideo erstellt Szenen die bei dem jeweiligen Zeitstempel anfangen und 5 Sekunden dauern. Die Szenen k\u00f6nnen Sie dann nach Bedarf anpassen.<\/p>\n<p><!-- \/wp:paragraph --><\/p>\n<p><!-- wp:paragraph --><\/p>\n<p>Timelisten werden W\u00c4HREND (!!) einer Aufnahme eines Videos erstellt. Da die Videoaufnahme und die Timelist GLEICHZEITIG erstellt werden, stimmen auch die Zeitstempel der Timelist mit dem Video \u00fcberein. Beim import in die Playlist muss lediglich eine Stelle im Video gefunden werden, die mit einem Zeitstempel \u00fcbereinstimmt. Das Programm erstellt dann die Szenen anhand der Zeitstempel.<\/p>\n<p><!-- \/wp:paragraph --><\/p>\n<\/div><\/div><\/div><div class=\"faq_item\" id=\"faq1837timeliste\"><div class=\"faq_q\" id=\"faq1837timeliste_q\" aria-selected=\"false\" aria-expanded=\"false\" aria-controls =\"faq1837timeliste_a\" role=\"tab\" tabindex=\"-1\">Ist es m\u00f6glich eine timelist mit bildern vom smartphone zu erstellen?<\/div><div class=\"faq_a\" id=\"faq1837timeliste_a\" aria-labelledby=\"faq1837timeliste_q\" aria-hidden=\"true\" role=\"tabpanel\"><div class=\"faq_a_content\"><p><!-- wp:paragraph --><\/p>\n<p>Ja. Jedes Ger\u00e4t das Bilder aufnehmen kann daf\u00fcr verwendet werden. Einfach w\u00e4hrend einer Video-Aufnahme Bilder machen und diese Bilder nach der Aufnahme auf den PC kopieren, wo notesvideo installiert ist. Jedes Bild hat Zeitstempel \u2013 wann es erstellt und wann es ge\u00e4ndert wurde. Beim kopieren wird das Erstell-Zeitstempel ge\u00e4ndert, aber das \u00c4nderungs-Zeitstempel bleibt erhalten (sie d\u00fcrfen das Bild nicht in Photoshop oder Paint bearbeiten!) und notesvideo nutzt diesen \u00c4nderungs-Zeitstempel um die Timelist zu erstellen.<\/p>\n<p><!-- \/wp:paragraph --><\/p>\n<\/div><\/div><\/div><\/div>\n\n\n\n<h4 class=\"wp-block-heading\">Sharing<\/h4>\n\n\n<div id=\"faqconc_1_4_8_verteilen\" class=\"faqconc verteilen\" role=\"tablist\" aria-multiselectable=\"true\"><div class=\"faq_item\" id=\"faq1838verteilen\"><div class=\"faq_q\" id=\"faq1838verteilen_q\" aria-selected=\"false\" aria-expanded=\"false\" aria-controls =\"faq1838verteilen_a\" role=\"tab\" tabindex=\"-1\">Ich m\u00f6chte die playlist an mehrere personen verteilen. Muss ich auch die videos verschicken?<\/div><div class=\"faq_a\" id=\"faq1838verteilen_a\" aria-labelledby=\"faq1838verteilen_q\" aria-hidden=\"true\" role=\"tabpanel\"><div class=\"faq_a_content\"><p><!-- wp:paragraph --><\/p>\n<p>Wenn die Videos online zur Verf\u00fcgung gestellt sind, dann nicht. Laden Sie dazu die Videos auf einen online Speicherplatz hoch. Das kann z.B. Ihr Webspace sein, wo Ihre Internetseite gehostet wird, oder Google Drive, bzw. OneDrive und andere.<\/p>\n<p><!-- \/wp:paragraph --><\/p>\n<\/div><\/div><\/div><\/div>\n","protected":false},"excerpt":{"rendered":"<p>Allgemein Playlist Timelist Sharing<\/p>\n","protected":false},"author":1,"featured_media":0,"parent":0,"menu_order":0,"comment_status":"closed","ping_status":"closed","template":"","meta":{"_coblocks_attr":"","_coblocks_dimensions":"","_coblocks_responsive_height":"","_coblocks_accordion_ie_support":"","footnotes":""},"class_list":["post-19","page","type-page","status-publish","hentry","entry"],"jetpack_sharing_enabled":true,"_links":{"self":[{"href":"https:\/\/notesvideo.com\/index.php?rest_route=\/wp\/v2\/pages\/19","targetHints":{"allow":["GET"]}}],"collection":[{"href":"https:\/\/notesvideo.com\/index.php?rest_route=\/wp\/v2\/pages"}],"about":[{"href":"https:\/\/notesvideo.com\/index.php?rest_route=\/wp\/v2\/types\/page"}],"author":[{"embeddable":true,"href":"https:\/\/notesvideo.com\/index.php?rest_route=\/wp\/v2\/users\/1"}],"replies":[{"embeddable":true,"href":"https:\/\/notesvideo.com\/index.php?rest_route=%2Fwp%2Fv2%2Fcomments&post=19"}],"version-history":[{"count":20,"href":"https:\/\/notesvideo.com\/index.php?rest_route=\/wp\/v2\/pages\/19\/revisions"}],"predecessor-version":[{"id":1988,"href":"https:\/\/notesvideo.com\/index.php?rest_route=\/wp\/v2\/pages\/19\/revisions\/1988"}],"wp:attachment":[{"href":"https:\/\/notesvideo.com\/index.php?rest_route=%2Fwp%2Fv2%2Fmedia&parent=19"}],"curies":[{"name":"wp","href":"https:\/\/api.w.org\/{rel}","templated":true}]}}