{"id":14,"date":"2020-11-11T10:45:12","date_gmt":"2020-11-11T09:45:12","guid":{"rendered":"https:\/\/notesvideo.com\/?page_id=14"},"modified":"2021-10-26T10:27:19","modified_gmt":"2021-10-26T08:27:19","slug":"impressum","status":"publish","type":"page","link":"https:\/\/notesvideo.com\/?page_id=14","title":{"rendered":"Impressum"},"content":{"rendered":"\n<p><\/p>\n\n\n\n<figure class=\"wp-block-table\"><table><tbody><tr><td><\/td><td><strong>netzfoto e.U. Foto &amp; Software Produktion<\/strong><\/td><\/tr><tr><td>Anschrift<\/td><td>Altstadt 13 4020 Linz<\/td><\/tr><tr><td>email<\/td><td>office@netzfoto.at<\/td><\/tr><tr><td>Telefon<\/td><td>+43 (0)660 1102050<\/td><\/tr><tr><td>Firmenbuchnummer<\/td><td>381870z<\/td><\/tr><tr><td>Firmengericht<\/td><td>Landesgericht Linz<\/td><\/tr><tr><td>Bankinstitut<\/td><td>Sparkasse Neuhofen<\/td><\/tr><tr><td>BIC<\/td><td>SPNKAT21XXX<\/td><\/tr><tr><td>IBAN<\/td><td>AT952032602400000770<\/td><\/tr><\/tbody><\/table><\/figure>\n\n\n\n<h3 class=\"wp-block-heading\">Verwendete Bilder<\/h3>\n\n\n\n<p>Die Rechte s\u00e4mtlicher auf dieser Webseite verwendeter Bilder liegen bei&nbsp;netzfoto e.U. Linz.<\/p>\n\n\n\n<h3 class=\"wp-block-heading\">Grundlegende Richtung<\/h3>\n\n\n\n<p>Die Webseite beinhaltet unpolitische Beitr\u00e4ge, die sich mit Sport, Veranstaltungen und Lifestyle besch\u00e4ftigen und sich an alle Interessierten richten.<\/p>\n\n\n\n<h3 class=\"wp-block-heading\">Haftungsausschluss &nbsp;\/ \u00a7 5 ECG<\/h3>\n\n\n\n<p>Wir \u00fcbernehmen keinerlei Gew\u00e4hr f\u00fcr die Richtigkeit, Vollst\u00e4ndigkeit, Aktualit\u00e4t oder Qualit\u00e4t der auf dieser Internetseite zur Verf\u00fcgung gestellten Daten und Informationen. Wir schlie\u00dfen jegliche Haftung f\u00fcr jedwede Sch\u00e4den materieller oder immaterieller Art aus, die durch die Nutzung der zur Verf\u00fcgung gestellten Daten oder durch die Nutzung fehlerhafter und unvollst\u00e4ndiger Informationen verursacht wurden, sofern nicht unsererseits nachweislich ein vors\u00e4tzliches oder grob fahrl\u00e4ssiges Fehlverhalten vorliegt. Wir behalten uns ausdr\u00fccklich die jederzeitige \u00c4nderung der auf dieser Internetseite zur Verf\u00fcgung gestellten Daten oder unseres gesamten Angebots ohne besondere Ank\u00fcndigung vor. Ebenso sind wir berechtigt diese Internetseite jederzeit zu erg\u00e4nzen, zu l\u00f6schen oder deren Ver\u00f6ffentlichung zeitweise oder endg\u00fcltig einzustellen.<\/p>\n\n\n\n<h3 class=\"wp-block-heading\">Verweise<\/h3>\n\n\n\n<p>Sofern auf dieser Seite auf Verweisziele (&#8216;Links&#8217;) direkt oder indirekt verwiesen wird, die au\u00dferhalb unseres Verantwortungsbereiches liegen, kommt eine Haftung unsererseits nur in Betrachts, wenn wir von den Inhalten Kenntnis hatten und es uns technisch m\u00f6glich und zumutbar w\u00e4re, die Nutzung im Falle rechtswidriger Inhalte zu verhindern. Wir stellen ausdr\u00fccklich klar, dass wir keinerlei Einfluss auf die Gestaltung und die Inhalte der verlinkten Seiten haben. Aus diesem Grunde distanzieren wir uns ausdr\u00fccklich von allen Inhalten der mit dieser Internetseite verlinkten Seiten. Wir machen uns diese Inhalte nicht zu Eigen und schlie\u00dfen hierf\u00fcr jegliche Haftung aus. Auch ist uns kein verbotener Inhalt auf den verlinkten Seiten bekannt. Weiterhin stellt die Erw\u00e4hnung oder Nicht-Erw\u00e4hnung eines Links sowie deren Reihenfolge keinerlei Wertung oder Abwertung dar. Eine m\u00f6gliche Haftung des Anbieters der verlinkten Seite f\u00fcr deren Inhalt und insbesondere f\u00fcr Sch\u00e4den, die aus der Nutzung oder Nichtnutzung der von ihm angebotenen Daten und Informationen entstehen, bleibt hiervon unber\u00fchrt. Die vorgenannten Einschr\u00e4nkungen gelten ebenfalls f\u00fcr Fremdeintr\u00e4ge in von uns eingerichteten G\u00e4steb\u00fcchern, Diskussionsforen und Mailinglisten.<\/p>\n\n\n\n<h3 class=\"wp-block-heading\">Urheberrechte \/ Markenrechte<\/h3>\n\n\n\n<p>Die auf dieser Internetseite enthaltenen Texte, Bilder, Grafiken, Logos sowie die Gestaltung und das Layout der Internetseite unterliegen dem Urheberrecht und deren Immaterialg\u00fcterrechten. Die unerlaubte Nutzung und Verwertung einzelner Inhalte und oder vollst\u00e4ndiger Internetseiten kann zivil- und strafrechtliche Konsequenzen zur Folge haben. S\u00e4mtliche Rechte an allen auf dieser oder auf verlinkten Internetseiten genannten Marken stehen allein den Inhabern dieser Marken zu.<\/p>\n\n\n\n<h3 class=\"wp-block-heading\">Rechtswirkasmakeit<\/h3>\n\n\n\n<p>Durch Nutzung dieser Webseiten unterliegt der Nutzer den gegenst\u00e4ndlichen Nutzungsbedingungen. Diese sind Teil des WWW-Angebotes. Sofern Teile oder einzelne Formulierungen der Nutzungsbedingungen der geltenden Rechtslage nicht, nicht mehr oder nicht vollst\u00e4ndig entsprechen sollten, bleiben die \u00fcbrigen Teile der Nutzungsbedingungen in ihrem Inhalt und ihrer G\u00fcltigkeit davon unber\u00fchrt.<\/p>\n\n\n\n<figure class=\"wp-block-image size-large is-style-default\"><a href=\"https:\/\/www.wkoecg.at\/Ecg.aspx?FirmaID=dd1a2cec-dae3-4548-b5d1-4d9c2ad330b6\"><img decoding=\"async\" src=\"https:\/\/netzfoto.club\/wp-content\/uploads\/2020\/12\/ecg.png\" alt=\"WKO Informationspflicht lt. ECG und Mediengesetz\" class=\"wp-image-479\"\/><\/a><\/figure>\n\n\n\n<p><\/p>\n\n\n\n<p><a href=\"https:\/\/notesvideo.com\/?page_id=3\" data-type=\"page\" data-id=\"3\">Datenschutz<\/a><\/p>\n\n\n\n<p><a href=\"https:\/\/notesvideo.com\/?page_id=2043\" data-type=\"page\" data-id=\"2043\">Cookie-Erkl\u00e4rung<\/a><\/p>\n","protected":false},"excerpt":{"rendered":"<p>netzfoto e.U. Foto &amp; Software Produktion Anschrift Altstadt 13 4020 Linz email office@netzfoto.at Telefon +43 (0)660 1102050 Firmenbuchnummer 381870z Firmengericht Landesgericht Linz Bankinstitut Sparkasse Neuhofen BIC SPNKAT21XXX IBAN AT952032602400000770 Verwendete Bilder Die Rechte s\u00e4mtlicher auf dieser Webseite verwendeter Bilder liegen bei&nbsp;netzfoto e.U. Linz. Grundlegende Richtung Die Webseite beinhaltet unpolitische Beitr\u00e4ge, die sich mit Sport, Veranstaltungen&hellip; <a class=\"more-link\" href=\"https:\/\/notesvideo.com\/?page_id=14\"><span class=\"screen-reader-text\">Impressum<\/span> weiterlesen<\/a><\/p>\n","protected":false},"author":1,"featured_media":0,"parent":0,"menu_order":0,"comment_status":"closed","ping_status":"closed","template":"","meta":{"_coblocks_attr":"","_coblocks_dimensions":"","_coblocks_responsive_height":"","_coblocks_accordion_ie_support":"","footnotes":""},"class_list":["post-14","page","type-page","status-publish","hentry","entry"],"jetpack_sharing_enabled":true,"_links":{"self":[{"href":"https:\/\/notesvideo.com\/index.php?rest_route=\/wp\/v2\/pages\/14","targetHints":{"allow":["GET"]}}],"collection":[{"href":"https:\/\/notesvideo.com\/index.php?rest_route=\/wp\/v2\/pages"}],"about":[{"href":"https:\/\/notesvideo.com\/index.php?rest_route=\/wp\/v2\/types\/page"}],"author":[{"embeddable":true,"href":"https:\/\/notesvideo.com\/index.php?rest_route=\/wp\/v2\/users\/1"}],"replies":[{"embeddable":true,"href":"https:\/\/notesvideo.com\/index.php?rest_route=%2Fwp%2Fv2%2Fcomments&post=14"}],"version-history":[{"count":8,"href":"https:\/\/notesvideo.com\/index.php?rest_route=\/wp\/v2\/pages\/14\/revisions"}],"predecessor-version":[{"id":2049,"href":"https:\/\/notesvideo.com\/index.php?rest_route=\/wp\/v2\/pages\/14\/revisions\/2049"}],"wp:attachment":[{"href":"https:\/\/notesvideo.com\/index.php?rest_route=%2Fwp%2Fv2%2Fmedia&parent=14"}],"curies":[{"name":"wp","href":"https:\/\/api.w.org\/{rel}","templated":true}]}}